{"id":63,"date":"2025-12-11T21:48:49","date_gmt":"2025-12-12T02:48:49","guid":{"rendered":"https:\/\/akdcomandos.com\/?page_id=63"},"modified":"2025-12-17T13:35:48","modified_gmt":"2025-12-17T18:35:48","slug":"servicios","status":"publish","type":"page","link":"https:\/\/akdcomandos.com\/index.php\/servicios\/","title":{"rendered":"Servicios"},"content":{"rendered":"\n<p class=\"has-black-color has-text-color has-link-color has-large-font-size wp-elements-c749a61a338e57128279ade892d06939\"><strong>PREPARACI\u00d3N PARA PRUEBAS<\/strong><\/p>\n\n\n\n<p class=\"has-woostify-heading-color has-text-color has-link-color has-medium-font-size wp-elements-457b8c746c31a43c21673621236d23ca\">A trav\u00e9s de instructores altamente capacitados y un ambiente que fomenta el compa\u00f1erismo y el compromiso.<\/p>\n\n\n\n<div class=\"wp-block-columns is-layout-flex wp-container-core-columns-is-layout-9d6595d7 wp-block-columns-is-layout-flex\">\n<div class=\"wp-block-column is-vertically-aligned-center is-layout-flow wp-block-column-is-layout-flow\">\n<p><\/p>\n\n\n\n<p class=\"has-text-align-center has-large-font-size\"><strong>Nivelaci\u00f3n Acad\u00e9mica.<\/strong><\/p>\n<\/div>\n\n\n\n<div class=\"wp-block-column is-layout-flow wp-block-column-is-layout-flow\">\n<figure class=\"wp-block-gallery has-nested-images columns-default is-cropped wp-block-gallery-1 is-layout-flex wp-block-gallery-is-layout-flex\">\n<figure class=\"wp-block-image size-large\"><img fetchpriority=\"high\" decoding=\"async\" width=\"858\" height=\"597\" data-id=\"30\" src=\"https:\/\/datacloudec.com\/akdcomandos\/wp-content\/uploads\/2025\/12\/akd-com8.jpg\" alt=\"\" class=\"wp-image-30\" srcset=\"https:\/\/akdcomandos.com\/wp-content\/uploads\/2025\/12\/akd-com8.jpg 858w, https:\/\/akdcomandos.com\/wp-content\/uploads\/2025\/12\/akd-com8-300x209.jpg 300w, https:\/\/akdcomandos.com\/wp-content\/uploads\/2025\/12\/akd-com8-768x534.jpg 768w\" sizes=\"(max-width: 858px) 100vw, 858px\" \/><\/figure>\n<\/figure>\n<\/div>\n<\/div>\n\n\n\n<div class=\"wp-block-columns is-layout-flex wp-container-core-columns-is-layout-9d6595d7 wp-block-columns-is-layout-flex\">\n<div class=\"wp-block-column is-layout-flow wp-block-column-is-layout-flow\">\n<figure class=\"wp-block-video\"><video controls src=\"https:\/\/datacloudec.com\/akdcomandos\/wp-content\/uploads\/2025\/12\/WhatsApp-Video-2025-12-11-at-12.23.31-PM.mp4\"><\/video><\/figure>\n<\/div>\n\n\n\n<div class=\"wp-block-column is-vertically-aligned-center is-layout-flow wp-block-column-is-layout-flow\">\n<p class=\"has-text-align-center has-large-font-size\"><strong>Preparaci\u00f3n F\u00edsica.<\/strong><\/p>\n<\/div>\n<\/div>\n\n\n\n<div class=\"wp-block-columns is-layout-flex wp-container-core-columns-is-layout-9d6595d7 wp-block-columns-is-layout-flex\">\n<div class=\"wp-block-column is-vertically-aligned-center is-layout-flow wp-block-column-is-layout-flow\">\n<p class=\"has-text-align-center has-large-font-size\"><strong>Entrevista Personal.<\/strong><\/p>\n<\/div>\n\n\n\n<div class=\"wp-block-column is-layout-flow wp-block-column-is-layout-flow\">\n<figure class=\"wp-block-gallery has-nested-images columns-default is-cropped wp-block-gallery-2 is-layout-flex wp-block-gallery-is-layout-flex\">\n<figure class=\"wp-block-image size-large\"><img decoding=\"async\" width=\"1024\" height=\"768\" data-id=\"186\" src=\"https:\/\/datacloudec.com\/akdcomandos\/wp-content\/uploads\/2025\/12\/entrevista_personal-1024x768.jpg\" alt=\"\" class=\"wp-image-186\" srcset=\"https:\/\/akdcomandos.com\/wp-content\/uploads\/2025\/12\/entrevista_personal-1024x768.jpg 1024w, https:\/\/akdcomandos.com\/wp-content\/uploads\/2025\/12\/entrevista_personal-300x225.jpg 300w, https:\/\/akdcomandos.com\/wp-content\/uploads\/2025\/12\/entrevista_personal-768x576.jpg 768w, https:\/\/akdcomandos.com\/wp-content\/uploads\/2025\/12\/entrevista_personal-1536x1152.jpg 1536w, https:\/\/akdcomandos.com\/wp-content\/uploads\/2025\/12\/entrevista_personal-2048x1536.jpg 2048w\" sizes=\"(max-width: 1024px) 100vw, 1024px\" \/><\/figure>\n<\/figure>\n<\/div>\n<\/div>\n\n\n\n<div class=\"wp-block-columns is-layout-flex wp-container-core-columns-is-layout-9d6595d7 wp-block-columns-is-layout-flex\">\n<div class=\"wp-block-column is-layout-flow wp-block-column-is-layout-flow\">\n<figure class=\"wp-block-gallery has-nested-images columns-default is-cropped wp-block-gallery-3 is-layout-flex wp-block-gallery-is-layout-flex\">\n<figure class=\"wp-block-image size-large\"><img decoding=\"async\" width=\"832\" height=\"602\" data-id=\"193\" src=\"https:\/\/datacloudec.com\/akdcomandos\/wp-content\/uploads\/2025\/12\/pruebas-psicologicas.jpg\" alt=\"\" class=\"wp-image-193\" srcset=\"https:\/\/akdcomandos.com\/wp-content\/uploads\/2025\/12\/pruebas-psicologicas.jpg 832w, https:\/\/akdcomandos.com\/wp-content\/uploads\/2025\/12\/pruebas-psicologicas-300x217.jpg 300w, https:\/\/akdcomandos.com\/wp-content\/uploads\/2025\/12\/pruebas-psicologicas-768x556.jpg 768w\" sizes=\"(max-width: 832px) 100vw, 832px\" \/><\/figure>\n<\/figure>\n<\/div>\n\n\n\n<div class=\"wp-block-column is-vertically-aligned-center is-layout-flow wp-block-column-is-layout-flow\">\n<p class=\"has-text-align-center has-large-font-size\"><strong>Pruebas Psicol\u00f3gicas<\/strong><\/p>\n<\/div>\n<\/div>\n\n\n\n<div class=\"wp-block-columns is-layout-flex wp-container-core-columns-is-layout-9d6595d7 wp-block-columns-is-layout-flex\">\n<div class=\"wp-block-column is-vertically-aligned-center is-layout-flow wp-block-column-is-layout-flow\">\n<p class=\"has-text-align-center has-large-font-size\"><strong>Asesor\u00eda M\u00e9dica.<\/strong><\/p>\n<\/div>\n\n\n\n<div class=\"wp-block-column is-layout-flow wp-block-column-is-layout-flow\">\n<figure class=\"wp-block-gallery has-nested-images columns-default is-cropped wp-block-gallery-4 is-layout-flex wp-block-gallery-is-layout-flex\">\n<figure class=\"wp-block-image size-large\"><img loading=\"lazy\" decoding=\"async\" width=\"296\" height=\"170\" data-id=\"195\" src=\"https:\/\/datacloudec.com\/akdcomandos\/wp-content\/uploads\/2025\/12\/asesoria-medica.jpg\" alt=\"\" class=\"wp-image-195\"\/><\/figure>\n<\/figure>\n<\/div>\n<\/div>\n","protected":false},"excerpt":{"rendered":"<p>PREPARACI\u00d3N PARA PRUEBAS A trav\u00e9s de instructores altamente capacitados y un ambiente que fomenta el compa\u00f1erismo y el compromiso. Nivelaci\u00f3n Acad\u00e9mica. Preparaci\u00f3n F\u00edsica. Entrevista Personal. Pruebas Psicol\u00f3gicas Asesor\u00eda M\u00e9dica.<\/p>\n","protected":false},"author":1,"featured_media":0,"parent":0,"menu_order":0,"comment_status":"closed","ping_status":"closed","template":"","meta":{"_joinchat":[],"footnotes":""},"class_list":["post-63","page","type-page","status-publish","hentry","post"],"_links":{"self":[{"href":"https:\/\/akdcomandos.com\/index.php\/wp-json\/wp\/v2\/pages\/63","targetHints":{"allow":["GET"]}}],"collection":[{"href":"https:\/\/akdcomandos.com\/index.php\/wp-json\/wp\/v2\/pages"}],"about":[{"href":"https:\/\/akdcomandos.com\/index.php\/wp-json\/wp\/v2\/types\/page"}],"author":[{"embeddable":true,"href":"https:\/\/akdcomandos.com\/index.php\/wp-json\/wp\/v2\/users\/1"}],"replies":[{"embeddable":true,"href":"https:\/\/akdcomandos.com\/index.php\/wp-json\/wp\/v2\/comments?post=63"}],"version-history":[{"count":20,"href":"https:\/\/akdcomandos.com\/index.php\/wp-json\/wp\/v2\/pages\/63\/revisions"}],"predecessor-version":[{"id":196,"href":"https:\/\/akdcomandos.com\/index.php\/wp-json\/wp\/v2\/pages\/63\/revisions\/196"}],"wp:attachment":[{"href":"https:\/\/akdcomandos.com\/index.php\/wp-json\/wp\/v2\/media?parent=63"}],"curies":[{"name":"wp","href":"https:\/\/api.w.org\/{rel}","templated":true}]}}