{"id":61,"date":"2025-12-11T21:48:02","date_gmt":"2025-12-12T02:48:02","guid":{"rendered":"https:\/\/akdcomandos.com\/?page_id=61"},"modified":"2025-12-17T23:19:04","modified_gmt":"2025-12-18T04:19:04","slug":"academia","status":"publish","type":"page","link":"https:\/\/akdcomandos.com\/index.php\/academia\/","title":{"rendered":"Academia"},"content":{"rendered":"\n<p class=\"has-woostify-heading-color has-text-color has-link-color has-large-font-size wp-elements-6fc55356801375a902de139fe0dd8225\"><strong>Centro Acad\u00e9mico de Alto Rendimiento F\u00edsico, Militar y Policial<\/strong><\/p>\n\n\n\n<p class=\"has-woostify-heading-color has-text-color has-link-color wp-elements-9de9b7d5a33e115da826434e1d4a9f50\" style=\"font-size:18px\">Somos una instituci\u00f3n dedicada a la formaci\u00f3n integral de j\u00f3venes con miras a su ingreso a diversas escuelas militares, bajo un enfoque multidisciplinario no solo para superar los desaf\u00edos de los procesos de selecci\u00f3n, sino tambi\u00e9n para destacar como futuros l\u00edderes en las Fuerzas Armadas.<\/p>\n\n\n\n<div class=\"wp-block-columns is-layout-flex wp-container-core-columns-is-layout-9d6595d7 wp-block-columns-is-layout-flex\">\n<div class=\"wp-block-column is-vertically-aligned-center is-layout-flow wp-block-column-is-layout-flow\">\n<p class=\"has-text-align-center has-large-font-size\"><strong>Misi\u00f3n<\/strong><\/p>\n\n\n\n<p class=\"has-medium-font-size\">Realizar un preparaci\u00f3n integral a cada uno de nuestros aspirantes, basada en par\u00e1metros t\u00e9cnicos militar, acad\u00e9mico, \u00e9tico-moral y f\u00edsico; exigidos en las diferentes Escuelas Militares y Policiales del Ecuador, con la finalidad de alcanzar con \u00e9xito el ingreso a las mismas <\/p>\n<\/div>\n\n\n\n<div class=\"wp-block-column is-layout-flow wp-block-column-is-layout-flow\">\n<p class=\"has-text-align-center has-medium-font-size\"><\/p>\n\n\n\n<p><\/p>\n<\/div>\n<\/div>\n\n\n\n<div class=\"wp-block-columns is-layout-flex wp-container-core-columns-is-layout-9d6595d7 wp-block-columns-is-layout-flex\">\n<div class=\"wp-block-column is-layout-flow wp-block-column-is-layout-flow\"><\/div>\n\n\n\n<div class=\"wp-block-column is-vertically-aligned-center is-layout-flow wp-block-column-is-layout-flow\">\n<p class=\"has-text-align-center has-large-font-size\"><strong>Visi\u00f3n<\/strong><\/p>\n\n\n\n<p class=\"has-text-align-center has-medium-font-size\">Ser lideres entre las instituciones de formaci\u00f3n integral de aspirantes a las Escuelas Militares y Policiales del Ecuador, ofreciendo un sistema acad\u00e9mico-educativo militar de calidad, con procesos claramente definidos y personal altamente calificado para satisfacer las necesidades de nuestros aspirantes.<\/p>\n<\/div>\n<\/div>\n","protected":false},"excerpt":{"rendered":"<p>Centro Acad\u00e9mico de Alto Rendimiento F\u00edsico, Militar y Policial Somos una instituci\u00f3n dedicada a la formaci\u00f3n integral de j\u00f3venes con miras a su ingreso a diversas escuelas militares, bajo un enfoque multidisciplinario no solo para superar los desaf\u00edos de los procesos de selecci\u00f3n, sino tambi\u00e9n para destacar como futuros l\u00edderes en las Fuerzas Armadas. Misi\u00f3n [&hellip;]<\/p>\n","protected":false},"author":1,"featured_media":0,"parent":0,"menu_order":0,"comment_status":"closed","ping_status":"closed","template":"","meta":{"_joinchat":[],"footnotes":""},"class_list":["post-61","page","type-page","status-publish","hentry","post"],"_links":{"self":[{"href":"https:\/\/akdcomandos.com\/index.php\/wp-json\/wp\/v2\/pages\/61","targetHints":{"allow":["GET"]}}],"collection":[{"href":"https:\/\/akdcomandos.com\/index.php\/wp-json\/wp\/v2\/pages"}],"about":[{"href":"https:\/\/akdcomandos.com\/index.php\/wp-json\/wp\/v2\/types\/page"}],"author":[{"embeddable":true,"href":"https:\/\/akdcomandos.com\/index.php\/wp-json\/wp\/v2\/users\/1"}],"replies":[{"embeddable":true,"href":"https:\/\/akdcomandos.com\/index.php\/wp-json\/wp\/v2\/comments?post=61"}],"version-history":[{"count":10,"href":"https:\/\/akdcomandos.com\/index.php\/wp-json\/wp\/v2\/pages\/61\/revisions"}],"predecessor-version":[{"id":225,"href":"https:\/\/akdcomandos.com\/index.php\/wp-json\/wp\/v2\/pages\/61\/revisions\/225"}],"wp:attachment":[{"href":"https:\/\/akdcomandos.com\/index.php\/wp-json\/wp\/v2\/media?parent=61"}],"curies":[{"name":"wp","href":"https:\/\/api.w.org\/{rel}","templated":true}]}}