{"id":59,"date":"2025-12-11T21:47:33","date_gmt":"2025-12-12T02:47:33","guid":{"rendered":"https:\/\/akdcomandos.com\/?page_id=59"},"modified":"2025-12-18T15:47:33","modified_gmt":"2025-12-18T20:47:33","slug":"contacto","status":"publish","type":"page","link":"https:\/\/akdcomandos.com\/index.php\/contacto\/","title":{"rendered":"Contacto"},"content":{"rendered":"\n<p class=\"has-text-align-center\">\u00a1Cont\u00e1ctanos ahora para descubrir c\u00f3mo podemos ayudarte!<\/p>\n\n\n\n<p class=\"has-text-align-center has-medium-font-size\"><strong>TABACUNDO<\/strong><\/p>\n\n\n\n<p class=\"has-text-align-center\">Prov. Pichincha \u2013 Cant\u00f3n Pedro Moncayo<br>Barrio La Concepci\u00f3n<br>Calle Segundo Espinoza<br>Sector Colegio Nacional Tabacundo<\/p>\n\n\n\n<h4 class=\"wp-block-heading has-text-align-center has-medium-font-size\">Tel\u00e9fonos<\/h4>\n\n\n\n<p class=\"has-text-align-center\">099 672 1237 \u2013 093 926 2772<\/p>\n\n\n\n<iframe src=\"https:\/\/www.google.com\/maps\/embed?pb=!1m18!1m12!1m3!1d498.7271424226904!2d-78.21932247162412!3d0.04408379495777035!2m3!1f0!2f0!3f0!3m2!1i1024!2i768!4f13.1!3m3!1m2!1s0x8e2a0b0018540e69%3A0x12559a9a82effe50!2sKomandos!5e0!3m2!1ses!2sec!4v1766090441027!5m2!1ses!2sec\" width=\"600\" height=\"450\" style=\"border:0;\" allowfullscreen=\"\" loading=\"lazy\" referrerpolicy=\"no-referrer-when-downgrade\"><\/iframe>\n\n\n\n<p class=\"has-medium-font-size\"><strong>Solicitud de Informaci\u00f3n<\/strong><\/p>\n\n\n\n<div class=\"wp-block-weforms-form\">\r\n        \r\n\r\n                <form class=\"wpuf-form-add weforms-125  wpuf-style\" action=\"\" method=\"post\"   id=\"\">\r\n\r\n            <ul class=\"wpuf-form form-label-above\">\r\n\r\n                        <li class=\"wpuf-el nombres field-size-large\" data-label=\"Nombres\">\r\n                    <div class=\"wpuf-label\">\r\n            <label for=\"nombres_125\">Nombres <span class=\"required\">*<\/span><\/label>\r\n        <\/div>\r\n        \r\n            <div class=\"wpuf-fields\">\r\n                <div class=\"wpuf-name-field-wrap format-first-last\" data-style=\"wpuf-style\">\r\n                    <div class=\"wpuf-name-field-first-name\">\r\n                        <input\r\n                            name=\"nombres[first]\"\r\n                            type=\"text\"\r\n                            placeholder=\"\"\r\n                            value=\"\"\r\n                            size=\"40\"\r\n                            data-required=\"yes\"\r\n                            data-type=\"text\"\r\n                            data-style=\"wpuf-style\"\r\n                            class=\"textfield wpuf_nombres_125\"\r\n                            autocomplete=\"given-name\"\r\n                        >\r\n                                                    <label class=\"wpuf-form-sub-label\" data-style=\"wpuf-style\">First<\/label>\r\n                                            <\/div>\r\n\r\n                                            <input type=\"hidden\" name=\"nombres[middle]\" value=\"\">\r\n                    \r\n                    <div class=\"wpuf-name-field-last-name\">\r\n                        <input\r\n                            name=\"nombres[last]\"\r\n                            type=\"text\" class=\"textfield\"\r\n                            placeholder=\"\"\r\n                            value=\"\"\r\n                            size=\"40\"\r\n                            autocomplete=\"family-name\"\r\n                            data-style=\"wpuf-style\"\r\n                        >\r\n                                                    <label class=\"wpuf-form-sub-label\" data-style=\"wpuf-style\">Last<\/label>\r\n                                            <\/div>\r\n                <\/div>\r\n                            <\/div>\r\n        <\/li>\r\n                <li class=\"wpuf-el correo_electronico field-size-large\" data-label=\"Correo Electr\u00f3nico\">\r\n                    <div class=\"wpuf-label\">\r\n            <label for=\"correo_electronico_125\">Correo Electr\u00f3nico <span class=\"required\">*<\/span><\/label>\r\n        <\/div>\r\n        \r\n            <div class=\"wpuf-fields\">\r\n                <input\r\n                    id=\"correo_electronico_125\"\r\n                    type=\"email\"\r\n                    class=\"email  wpuf_correo_electronico_125\"\r\n                    data-duplicate=\"\"\r\n                    data-required=\"yes\"\r\n                    data-type=\"email\"\r\n                    data-style=\"wpuf-style\"\r\n                    name=\"correo_electronico\"\r\n                    placeholder=\"\"\r\n                    value=\"\"\r\n                    size=\"40\"\r\n                    autocomplete=\"email\"\r\n                \/>\r\n                            <\/div>\r\n        <\/li>\r\n                <li class=\"wpuf-el mensaje field-size-large\" data-label=\"Mensaje\">\r\n                    <div class=\"wpuf-label\">\r\n            <label for=\"mensaje_125\">Mensaje <span class=\"required\">*<\/span><\/label>\r\n        <\/div>\r\n                                    <div class=\"wpuf-fields\">\r\n            \r\n                                    <textarea\r\n                        class=\"textareafield  wpuf_mensaje_125\"\r\n                        id=\"mensaje_125\"\r\n                        name=\"mensaje\"\r\n                        data-required=\"yes\"\r\n                        data-type=\"textarea\"\r\n                        placeholder=\"\"\r\n                        rows=\"5\"\r\n                        cols=\"25\"\r\n                        data-style=\"wpuf-style\"\r\n                    ><\/textarea>\r\n                    <span class=\"wpuf-wordlimit-message wpuf-help\"><\/span>\r\n\r\n                \r\n                        <\/div><\/li>\r\n                <li class=\"wpuf-submit\">\r\n            <div class=\"wpuf-label\">\r\n                &nbsp;\r\n            <\/div>\r\n\r\n            <input type=\"hidden\" id=\"_wpnonce\" name=\"_wpnonce\" value=\"7aed0d0af6\" \/><input type=\"hidden\" name=\"_wp_http_referer\" value=\"\/index.php\/wp-json\/wp\/v2\/pages\/59\" \/>\r\n            <input type=\"hidden\" name=\"form_id\" value=\"125\">\r\n            <input type=\"hidden\" name=\"page_id\" value=\"59\">\r\n            <input type=\"hidden\" name=\"action\" value=\"weforms_frontend_submit\">\r\n\r\n                            <input type=\"hidden\" name=\"weforms-front-report\" value=\"no\">\r\n            \r\n                        <input type=\"hidden\" name=\"weforms-front-quiz\" value=\"no\">\n        \r\n                            <input type=\"submit\" class=\"weforms_submit_btn wpuf_submit_125\" name=\"submit\" value=\"Submit\" \/>\r\n                    <\/li>\r\n                <\/ul>\r\n\r\n        <\/form>\r\n                <\/div>\n","protected":false},"excerpt":{"rendered":"<p>\u00a1Cont\u00e1ctanos ahora para descubrir c\u00f3mo podemos ayudarte! TABACUNDO Prov. Pichincha \u2013 Cant\u00f3n Pedro MoncayoBarrio La Concepci\u00f3nCalle Segundo EspinozaSector Colegio Nacional Tabacundo Tel\u00e9fonos 099 672 1237 \u2013 093 926 2772 Solicitud de Informaci\u00f3n<\/p>\n","protected":false},"author":1,"featured_media":0,"parent":0,"menu_order":0,"comment_status":"closed","ping_status":"closed","template":"","meta":{"_joinchat":[],"footnotes":""},"class_list":["post-59","page","type-page","status-publish","hentry","post"],"_links":{"self":[{"href":"https:\/\/akdcomandos.com\/index.php\/wp-json\/wp\/v2\/pages\/59","targetHints":{"allow":["GET"]}}],"collection":[{"href":"https:\/\/akdcomandos.com\/index.php\/wp-json\/wp\/v2\/pages"}],"about":[{"href":"https:\/\/akdcomandos.com\/index.php\/wp-json\/wp\/v2\/types\/page"}],"author":[{"embeddable":true,"href":"https:\/\/akdcomandos.com\/index.php\/wp-json\/wp\/v2\/users\/1"}],"replies":[{"embeddable":true,"href":"https:\/\/akdcomandos.com\/index.php\/wp-json\/wp\/v2\/comments?post=59"}],"version-history":[{"count":8,"href":"https:\/\/akdcomandos.com\/index.php\/wp-json\/wp\/v2\/pages\/59\/revisions"}],"predecessor-version":[{"id":234,"href":"https:\/\/akdcomandos.com\/index.php\/wp-json\/wp\/v2\/pages\/59\/revisions\/234"}],"wp:attachment":[{"href":"https:\/\/akdcomandos.com\/index.php\/wp-json\/wp\/v2\/media?parent=59"}],"curies":[{"name":"wp","href":"https:\/\/api.w.org\/{rel}","templated":true}]}}